{"id":95,"date":"2019-03-04T13:42:23","date_gmt":"2019-03-04T12:42:23","guid":{"rendered":"https:\/\/pice.nl\/?page_id=95"},"modified":"2019-03-05T15:45:08","modified_gmt":"2019-03-05T14:45:08","slug":"lijn-sepsis","status":"publish","type":"page","link":"https:\/\/pice.nl\/?page_id=95","title":{"rendered":"Lijn Sepsis"},"content":{"rendered":"\n<h2 class=\"wp-block-heading\">Lijn-gerelateerde infectie (CR)<\/h2>\n\n\n\n<p>Een lijn gerelateerde infectie dient all\u00e9\u00e9n als complicatie te worden geregistreerd bij aanwezigheid van een centrale lijn ingebracht in:<\/p>\n\n\n\n<h4 class=\"wp-block-heading\">Veneus:<\/h4>\n\n\n\n<ul><li>vena subclavia, <\/li><li>vena jugularis<\/li><li>vena umbilicalis<\/li><li>vena femoralis<\/li><li>of een z.g.n. silastic catheter (wanneer de tip in de thorax ligt)<\/li><\/ul>\n\n\n\n<h4 class=\"wp-block-heading\">Arterieel:<\/h4>\n\n\n\n<ul><li>aorta<\/li><li>arteria pulmonalis<\/li><li>arteria umbilicalis<\/li><\/ul>\n\n\n\n<p>Wanneer de infectie optreedt binnen 24 uur na opname geldt dit niet als een PICU complicatie.<\/p>\n\n\n\n<p>Wanneer een infectie optreedt binnen 48 uur na verwijderen van een lijn geldt dit als een PICU complicatie.<\/p>\n\n\n\n<p>NB: wanneer de lijn gerelateerde infectie optreedt n\u00e1 ontslag van de PICU, registreren we deze niet meer als PICU complicatie, omdat de betrouwbaarheid van de registratie onvoldoende zal zijn.<\/p>\n\n\n\n<p>Zie beslisboom hieronder<\/p>\n\n\n\n<h3 class=\"wp-block-heading\">Mogelijke lijn gerelateerde infectie<\/h3>\n\n\n\n<p>Voor registratie als lijn gerelateerde infectie moet aan \u00e9\u00e9n van de volgende criteria worden voldaan:<\/p>\n\n\n\n<h4 class=\"wp-block-heading\">Criterium 1 (bloedkweek positief, geen huidflora):<\/h4>\n\n\n\n<p>Er zijn voor de pati\u00ebnt \u00e9\u00e9n of meer, door het laboratorium gerapporteerde, positieve bloedkweken \u00e9n het gekweekte micro- organisme is geen normale huidflora. <\/p>\n\n\n\n<p>En <\/p>\n\n\n\n<p>Deze bevindingen kunnen niet worden toegeschreven aan een infectie elders in het lichaam.<\/p>\n\n\n\n<h4 class=\"wp-block-heading\">Criterium 2 (bloedkweek positief met huidflora)<\/h4>\n\n\n<p><strong>2A<\/strong> De pati\u00ebnt heeft minstens \u00e9\u00e9n van de volgende klinische verschijnselen van infectie in de bloedbaan: (koorts (&gt;38\u00b0C) of koude rilling of hypotensie) of bij kinderen \u2264 1 jaar koorts &gt;38\u00b0C rectaal \u00f3f hypothermie &lt; 36\u00b0C, apneu\u2019s of bradycardie.<\/p>\n<p>En<\/p>\n<p>Deze symptomen en de door het laboratorium gerapporteerde in het bloed gekweekte micro- organisme is niet afkomstig van een infectiebron elders in het lichaam.<\/p>\n<p>En<\/p>\n<p>Tenminste twee, op verschillende momenten, maar binnen 48 uur van elkaar afgenomen positieve bloedkweken met normale huidflora. .<\/p>\n\n\n<p>2B De pati\u00ebnt heeft minstens \u00e9\u00e9n van de volgende klinische verschijnselen van infectie in de bloedbaan: (koorts (&gt;38\u00b0C) of koude rilling of hypotensie) of bij kinderen \u2264 1 jaar koorts &gt;38\u00b0C rectaal \u00f3f hypothermie &lt; 36\u00b0C, apneu\u2019s of bradycardie.<\/p>\n\n\n<p><strong>2B<\/strong> De pati\u00ebnt heeft minstens \u00e9\u00e9n van de volgende klinische verschijnselen van infectie in de bloedbaan: (koorts (&gt;38\u00b0C) of koude rilling of hypotensie) of bij kinderen \u2264 1 jaar koorts &gt;38\u00b0C rectaal \u00f3f hypothermie &lt; 36\u00b0C, apneu\u2019s of bradycardie.<\/p>\n<p>En<\/p>\n<p>Tenminste \u00e9\u00e9n, positieve bloedkweek met normale huidflora<\/p>\n<p>En<\/p>\n<p>Deze symptomen en de door het laboratorium gerapporteerde in het bloed gekweekte micro- organisme is niet afkomstig van een infectiebron elders in het lichaam.<\/p>\n<p>En<\/p>\n<p>Volgens het behandelteam is de pati\u00ebnt dusdanig ziek dat er direct gestart wordt met antibiotica.<\/p>\n\n\n<p>Bron: CDC\/NHSN surveillance definition of health care\u2013associated infection and criteria for specific types of infections in the acute care setting, Horan, Andrus en Dudeck, AIJC 2008. <\/p>\n\n\n\n<p>NB: criterium 2B is volgens de strikte CDC\/NHSN criteria g\u00e9\u00e9n \u2018mogelijke lijnsepsis\u2019, maar volgt de praktijk voor veel kwetsbare IC pati\u00ebnten, denk aan immuungecompromitteerde pati\u00ebnten of pati\u00ebnten met vreemd materiaal in situ. Dit is voor de PICE werkgroep reden om deze als aparte categorie op te nemen.<\/p>\n\n\n\n<p>Zie beslisboom blz.4<\/p>\n\n\n\n<p>Noten:<\/p>\n\n\n\n<ol><li>Normale huidflora: (diphtheroids [Corynebacterium spp], Bacillus [not B anthracis] spp, Propionibacterium spp, coagulase-negative staphylococci [including S epidermidis], viridians group streptococci, Aerococcus spp, Micrococcus spp) <\/li><li>Indien bloedkweek positief voor normale huidflora: twee, op verschillende momenten, maar binnen twee dagen van elkaar afgenomen, positieve bloedkweken zijn, in combinatie met de overige criteria, voldoende. <\/li><li>Wanneer de bloedkweken niet middels een venapunctie perifeer kunnen worden afgenomen, is het aanbevolen om twee bloedkweken uit verschillende katheterlumina af te nemen.  <br>Bij voorkeur: Centraal veneuze lijn en arterielijn. <\/li><li>Dubbel- en tripel-lumen lijnen tellen voor de registratie van katheterdagen als \u00e9\u00e9n lijn <\/li><\/ol>\n\n\n\n<p><a href=\"http:\/\/www.cdc.gov\/nhsn\/PDFs\/pscManual\/4PSC_CLABScurrent.pdf\" target=\"_blank\" rel=\"noreferrer noopener\" aria-label=\"Volledige (Engelstalige) protocol (opent in een nieuwe tab)\">Volledige (Engelstalige) protocol<\/a>: http:\/\/www.cdc.gov\/nhsn\/PDFs\/pscManual\/4PSC_CLABScurrent.pdf<\/p>\n","protected":false},"excerpt":{"rendered":"<p>Lijn-gerelateerde infectie (CR) Een lijn gerelateerde infectie dient all\u00e9\u00e9n als complicatie te worden geregistreerd bij aanwezigheid van een centrale lijn ingebracht in: Veneus: vena subclavia, vena jugularis vena umbilicalis vena femoralis of een z.g.n. silastic catheter (wanneer de tip in de thorax ligt) Arterieel: aorta arteria pulmonalis arteria umbilicalis Wanneer de infectie optreedt binnen 24&hellip; <br \/> <a class=\"read-more\" href=\"https:\/\/pice.nl\/?page_id=95\">Lees meer<\/a><\/p>\n","protected":false},"author":1,"featured_media":0,"parent":91,"menu_order":0,"comment_status":"closed","ping_status":"closed","template":"","meta":{"footnotes":""},"_links":{"self":[{"href":"https:\/\/pice.nl\/index.php?rest_route=\/wp\/v2\/pages\/95"}],"collection":[{"href":"https:\/\/pice.nl\/index.php?rest_route=\/wp\/v2\/pages"}],"about":[{"href":"https:\/\/pice.nl\/index.php?rest_route=\/wp\/v2\/types\/page"}],"author":[{"embeddable":true,"href":"https:\/\/pice.nl\/index.php?rest_route=\/wp\/v2\/users\/1"}],"replies":[{"embeddable":true,"href":"https:\/\/pice.nl\/index.php?rest_route=%2Fwp%2Fv2%2Fcomments&post=95"}],"version-history":[{"count":7,"href":"https:\/\/pice.nl\/index.php?rest_route=\/wp\/v2\/pages\/95\/revisions"}],"predecessor-version":[{"id":146,"href":"https:\/\/pice.nl\/index.php?rest_route=\/wp\/v2\/pages\/95\/revisions\/146"}],"up":[{"embeddable":true,"href":"https:\/\/pice.nl\/index.php?rest_route=\/wp\/v2\/pages\/91"}],"wp:attachment":[{"href":"https:\/\/pice.nl\/index.php?rest_route=%2Fwp%2Fv2%2Fmedia&parent=95"}],"curies":[{"name":"wp","href":"https:\/\/api.w.org\/{rel}","templated":true}]}}